{"id":412,"date":"2026-03-03T13:25:13","date_gmt":"2026-03-03T13:25:13","guid":{"rendered":"https:\/\/bzexpress.gingeritsolutions.space\/homepage-2\/"},"modified":"2026-03-17T09:22:55","modified_gmt":"2026-03-17T09:22:55","slug":"inicio","status":"publish","type":"page","link":"https:\/\/bzexpress.gingeritsolutions.space\/es\/","title":{"rendered":"Inicio"},"content":{"rendered":"\n\n<section class=\"relative flex items-center hero-gradient md:py-35 pt-20 pb-10 min-h-svh\">\n            <img fetchpriority=\"high\" decoding=\"async\" src=\"https:\/\/bzexpress.gingeritsolutions.space\/wp-content\/uploads\/2026\/03\/Group-26.avif\" srcset=\"https:\/\/bzexpress.gingeritsolutions.space\/wp-content\/uploads\/2026\/03\/Group-26-150x150.avif 150w, https:\/\/bzexpress.gingeritsolutions.space\/wp-content\/uploads\/2026\/03\/Group-26.avif 300w, https:\/\/bzexpress.gingeritsolutions.space\/wp-content\/uploads\/2026\/03\/Group-26-300x192.avif 480w, https:\/\/bzexpress.gingeritsolutions.space\/wp-content\/uploads\/2026\/03\/Group-26-1024x656.avif 720w, https:\/\/bzexpress.gingeritsolutions.space\/wp-content\/uploads\/2026\/03\/Group-26.avif 1080w, https:\/\/bzexpress.gingeritsolutions.space\/wp-content\/uploads\/2026\/03\/Group-26.avif 1600w\" sizes=\"(max-width: 1600px) 100vw\" class=\"w-full h-full object-cover absolute top-0 left-0 object-right\" alt=\"\" width=\"1440\" height=\"922\" loading=\"eager\">\n        <div class=\"z-1 relative container\">\n                    <div class=\"mx-auto md:mx-0 [&#038;_p]:last:mt-10 [&#038;_h1]:mb-4 [&#038;_h1_strong]:font-semibold text-white md:text-left text-center | js-observe fade-in-up max-w-146\">\n                <h1 class=\"m-60-400\">Moviendo cargas.<br \/>\nConstruyendo confianza.<br \/>\nImpulsando el futuro.<\/h1>\n<p>Nuestro objetivo es transportar cargas de manera segura, a tiempo y con integridad, desde cargas puntuales hasta las asociaciones a largo plazo.<\/p>\n<p class=\"inline-btns\"><a class=\"btn btn--red js-driver-modal-btn\" href=\"#\">Conductores aplica aqu\u00ed<\/a> <a class=\"btn btn--outline js-partner-modal-btn\" href=\"#\">Solicitar Informacion<\/a><\/p>\n            <\/div>\n            <\/div>\n<\/section>\n\n\n<section class=\"relative py-10 md:pt-30 md:pb-20 bg-transparent\">\n    <div class=\"container\">\n                    <div class=\"mx-auto w-full max-w-210 [&#038;_strong]:font-semibold text-format text-center text-balance | js-observe fade-in-up\">\n                <h2 class=\"m-40-500\" style=\"text-align: center;\">Un carrier dise\u00f1ado para brokers y shippers<\/h2>\n<p style=\"text-align: center;\">En la industria log\u00edstica actual, de ritmo acelerado, la capacidad confiable es cr\u00edtica. BZ Express ofrece soluciones de transporte confiables, respaldadas por equipos de despacho experimentados y conductores expertos.<\/p>\n<p style=\"text-align: center;\"><a class=\"btn btn--outline-red\" href=\"#\">Solicitar Informacion<\/a><\/p>\n            <\/div>\n                <div>\n                            <h3 class=\"m-25-500 mt-8 md:mt-15 mb-6 text-center | js-observe fade-in-up\">\n                    Nuestros socios nos eligen porque ofrecemos:                <\/h3>\n                    <\/div>\n                    <div class=\"gap-5 grid md:grid-cols-2 lg:grid-cols-4 mx-auto md:px-7 max-w-64 md:max-w-full\">\n                                                                                <div class=\"relative flex justify-center items-center m-20-400 p-7 rounded-[0.625rem] w-full h-auto min-h-72 overflow-hidden text-center transition-colors | js-observe fade-in-up text-white md:text-black hover:text-white hover-card-gradient\">\n                                    <img decoding=\"async\" src=\"https:\/\/bzexpress.gingeritsolutions.space\/wp-content\/uploads\/2026\/03\/Property-1Variant2.avif\" srcset=\"https:\/\/bzexpress.gingeritsolutions.space\/wp-content\/uploads\/2026\/03\/Property-1Variant2-150x150.avif 150w, https:\/\/bzexpress.gingeritsolutions.space\/wp-content\/uploads\/2026\/03\/Property-1Variant2.avif 300w, https:\/\/bzexpress.gingeritsolutions.space\/wp-content\/uploads\/2026\/03\/Property-1Variant2.avif 480w, https:\/\/bzexpress.gingeritsolutions.space\/wp-content\/uploads\/2026\/03\/Property-1Variant2.avif 720w, https:\/\/bzexpress.gingeritsolutions.space\/wp-content\/uploads\/2026\/03\/Property-1Variant2.avif 1080w, https:\/\/bzexpress.gingeritsolutions.space\/wp-content\/uploads\/2026\/03\/Property-1Variant2.avif 1600w\" sizes=\"(max-width: 1600px) 100vw\" class=\"w-full h-full object-cover absolute top-0 left-0\" alt=\"\" width=\"256\" height=\"288\" loading=\"eager\">\n                                <div class=\"z-1 relative\">\n                                <p><strong>Disponibilidad<\/strong> constante de la flota.<\/p>\n                            <\/div>\n                        <\/div>\n                                                                                                    <div class=\"relative flex justify-center items-center m-20-400 p-7 rounded-[0.625rem] w-full h-auto min-h-72 overflow-hidden text-center transition-colors | js-observe fade-in-up text-white md:text-black hover:text-white hover-card-gradient\">\n                                    <img decoding=\"async\" src=\"https:\/\/bzexpress.gingeritsolutions.space\/wp-content\/uploads\/2026\/03\/Property-1Variant2-1.avif\" srcset=\"https:\/\/bzexpress.gingeritsolutions.space\/wp-content\/uploads\/2026\/03\/Property-1Variant2-1-150x150.avif 150w, https:\/\/bzexpress.gingeritsolutions.space\/wp-content\/uploads\/2026\/03\/Property-1Variant2-1.avif 300w, https:\/\/bzexpress.gingeritsolutions.space\/wp-content\/uploads\/2026\/03\/Property-1Variant2-1.avif 480w, https:\/\/bzexpress.gingeritsolutions.space\/wp-content\/uploads\/2026\/03\/Property-1Variant2-1.avif 720w, https:\/\/bzexpress.gingeritsolutions.space\/wp-content\/uploads\/2026\/03\/Property-1Variant2-1.avif 1080w, https:\/\/bzexpress.gingeritsolutions.space\/wp-content\/uploads\/2026\/03\/Property-1Variant2-1.avif 1600w\" sizes=\"(max-width: 1600px) 100vw\" class=\"w-full h-full object-cover absolute top-0 left-0\" alt=\"\" width=\"256\" height=\"288\" loading=\"eager\">\n                                <div class=\"z-1 relative\">\n                                <p><strong>Rendimiento<\/strong> puntual en recolecciones y entregas.<\/p>\n                            <\/div>\n                        <\/div>\n                                                                                                    <div class=\"relative flex justify-center items-center m-20-400 p-7 rounded-[0.625rem] w-full h-auto min-h-72 overflow-hidden text-center transition-colors | js-observe fade-in-up text-white md:text-black hover:text-white hover-card-gradient\">\n                                    <img decoding=\"async\" src=\"https:\/\/bzexpress.gingeritsolutions.space\/wp-content\/uploads\/2026\/03\/Property-1Variant2-2.avif\" srcset=\"https:\/\/bzexpress.gingeritsolutions.space\/wp-content\/uploads\/2026\/03\/Property-1Variant2-2-150x150.avif 150w, https:\/\/bzexpress.gingeritsolutions.space\/wp-content\/uploads\/2026\/03\/Property-1Variant2-2.avif 300w, https:\/\/bzexpress.gingeritsolutions.space\/wp-content\/uploads\/2026\/03\/Property-1Variant2-2.avif 480w, https:\/\/bzexpress.gingeritsolutions.space\/wp-content\/uploads\/2026\/03\/Property-1Variant2-2.avif 720w, https:\/\/bzexpress.gingeritsolutions.space\/wp-content\/uploads\/2026\/03\/Property-1Variant2-2.avif 1080w, https:\/\/bzexpress.gingeritsolutions.space\/wp-content\/uploads\/2026\/03\/Property-1Variant2-2.avif 1600w\" sizes=\"(max-width: 1600px) 100vw\" class=\"w-full h-full object-cover absolute top-0 left-0\" alt=\"\" width=\"256\" height=\"288\" loading=\"eager\">\n                                <div class=\"z-1 relative\">\n                                <p><strong>Comunicaci\u00f3n clara<\/strong> y respuestas r\u00e1pidas.<\/p>\n                            <\/div>\n                        <\/div>\n                                                                                                    <div class=\"relative flex justify-center items-center m-20-400 p-7 rounded-[0.625rem] w-full h-auto min-h-72 overflow-hidden text-center transition-colors | js-observe fade-in-up text-white md:text-black hover:text-white hover-card-gradient\">\n                                    <img decoding=\"async\" src=\"https:\/\/bzexpress.gingeritsolutions.space\/wp-content\/uploads\/2026\/03\/Property-1Variant2-3.avif\" srcset=\"https:\/\/bzexpress.gingeritsolutions.space\/wp-content\/uploads\/2026\/03\/Property-1Variant2-3-150x150.avif 150w, https:\/\/bzexpress.gingeritsolutions.space\/wp-content\/uploads\/2026\/03\/Property-1Variant2-3.avif 300w, https:\/\/bzexpress.gingeritsolutions.space\/wp-content\/uploads\/2026\/03\/Property-1Variant2-3.avif 480w, https:\/\/bzexpress.gingeritsolutions.space\/wp-content\/uploads\/2026\/03\/Property-1Variant2-3.avif 720w, https:\/\/bzexpress.gingeritsolutions.space\/wp-content\/uploads\/2026\/03\/Property-1Variant2-3.avif 1080w, https:\/\/bzexpress.gingeritsolutions.space\/wp-content\/uploads\/2026\/03\/Property-1Variant2-3.avif 1600w\" sizes=\"(max-width: 1600px) 100vw\" class=\"w-full h-full object-cover absolute top-0 left-0\" alt=\"\" width=\"256\" height=\"288\" loading=\"eager\">\n                                <div class=\"z-1 relative\">\n                                <p><strong>Operaciones conscientes<\/strong> de la seguridad y cumplimiento normativo.<\/p>\n                            <\/div>\n                        <\/div>\n                                                <\/div>\n            <\/div>\n<\/section>\n\n\n<section class=\"py-8 md:py-13.5 gradient-break-bg\">\n    <div class=\"container\">\n                    <div class=\"m-22-400 text-white text-center | js-observe fade-in-up\">\n                <p>No buscamos cargas a corto plazo; en cambio, <strong>formamos asociaciones a largo plazo.<\/strong><\/p>\n            <\/div>\n            <\/div>\n<\/section>\n\n\n<section class=\"py-10 md:py-20 xl:py-30\">\n    <div class=\"container\">\n        <div class=\"flex md:flex-row flex-col justify-between items-start gap-8 md:gap-10 w-full\">\n                            <div class=\"w-full md:max-w-122 text-format | js-observe fade-in-up\">\n                    <h2 class=\"m-40-500\">Una empresa en la que los conductores pueden confiar<\/h2>\n<p>En BZ Express, los conductores son m\u00e1s que solo n\u00fameros de cami\u00f3n; son la base de nuestro negocio. <strong>Fomentamos un entorno en el que los conductores se sienten valorados, seguros y respetados.<\/strong><\/p>\n<p><a class=\"btn btn--outline-red\" href=\"#\">Aplica hoy<\/a><\/p>\n                <\/div>\n                        <div class=\"w-full md:max-w-131\">\n                                    <h3 class=\"m-25-500 mb-6 | js-observe fade-in-up\">\n                        Los conductores se benefician de:                    <\/h3>\n                                                    <div class=\"w-full\">\n                                                                                <div class=\"flex items-center gap-4 not-last:mb-4 | js-observe fade-in-up\">\n                                        <img decoding=\"async\" src=\"https:\/\/bzexpress.gingeritsolutions.space\/wp-content\/uploads\/2026\/03\/Layer_1-23.svg\" srcset=\"https:\/\/bzexpress.gingeritsolutions.space\/wp-content\/uploads\/2026\/03\/Layer_1-23.svg 150w, https:\/\/bzexpress.gingeritsolutions.space\/wp-content\/uploads\/2026\/03\/Layer_1-23.svg 300w, https:\/\/bzexpress.gingeritsolutions.space\/wp-content\/uploads\/2026\/03\/Layer_1-23.svg 480w, https:\/\/bzexpress.gingeritsolutions.space\/wp-content\/uploads\/2026\/03\/Layer_1-23.svg 720w, https:\/\/bzexpress.gingeritsolutions.space\/wp-content\/uploads\/2026\/03\/Layer_1-23.svg 1080w, https:\/\/bzexpress.gingeritsolutions.space\/wp-content\/uploads\/2026\/03\/Layer_1-23.svg 1600w\" sizes=\"(max-width: 1600px) 100vw\" class=\"w-8 h-8\" alt=\"\" width=\"auto\" height=\"auto\" loading=\"eager\">\n                                                                        <p>\n                                        Rutas estables y cargas durante todo el a\u00f1o                                    <\/p>\n                                                            <\/div>\n                                                                                <div class=\"flex items-center gap-4 not-last:mb-4 | js-observe fade-in-up\">\n                                        <img decoding=\"async\" src=\"https:\/\/bzexpress.gingeritsolutions.space\/wp-content\/uploads\/2026\/03\/Layer_1-24.svg\" srcset=\"https:\/\/bzexpress.gingeritsolutions.space\/wp-content\/uploads\/2026\/03\/Layer_1-24.svg 150w, https:\/\/bzexpress.gingeritsolutions.space\/wp-content\/uploads\/2026\/03\/Layer_1-24.svg 300w, https:\/\/bzexpress.gingeritsolutions.space\/wp-content\/uploads\/2026\/03\/Layer_1-24.svg 480w, https:\/\/bzexpress.gingeritsolutions.space\/wp-content\/uploads\/2026\/03\/Layer_1-24.svg 720w, https:\/\/bzexpress.gingeritsolutions.space\/wp-content\/uploads\/2026\/03\/Layer_1-24.svg 1080w, https:\/\/bzexpress.gingeritsolutions.space\/wp-content\/uploads\/2026\/03\/Layer_1-24.svg 1600w\" sizes=\"(max-width: 1600px) 100vw\" class=\"w-8 h-8\" alt=\"\" width=\"auto\" height=\"auto\" loading=\"eager\">\n                                                                        <p>\n                                        Soporte de despachers                                    <\/p>\n                                                            <\/div>\n                                                                                <div class=\"flex items-center gap-4 not-last:mb-4 | js-observe fade-in-up\">\n                                        <img decoding=\"async\" src=\"https:\/\/bzexpress.gingeritsolutions.space\/wp-content\/uploads\/2026\/03\/Frame-44.svg\" srcset=\"https:\/\/bzexpress.gingeritsolutions.space\/wp-content\/uploads\/2026\/03\/Frame-44.svg 150w, https:\/\/bzexpress.gingeritsolutions.space\/wp-content\/uploads\/2026\/03\/Frame-44.svg 300w, https:\/\/bzexpress.gingeritsolutions.space\/wp-content\/uploads\/2026\/03\/Frame-44.svg 480w, https:\/\/bzexpress.gingeritsolutions.space\/wp-content\/uploads\/2026\/03\/Frame-44.svg 720w, https:\/\/bzexpress.gingeritsolutions.space\/wp-content\/uploads\/2026\/03\/Frame-44.svg 1080w, https:\/\/bzexpress.gingeritsolutions.space\/wp-content\/uploads\/2026\/03\/Frame-44.svg 1600w\" sizes=\"(max-width: 1600px) 100vw\" class=\"w-8 h-8\" alt=\"\" width=\"auto\" height=\"auto\" loading=\"eager\">\n                                                                        <p>\n                                        Acceso prioritario a nuestro taller mec\u00e1nico interno                                    <\/p>\n                                                            <\/div>\n                                                                                <div class=\"flex items-center gap-4 not-last:mb-4 | js-observe fade-in-up\">\n                                        <img decoding=\"async\" src=\"https:\/\/bzexpress.gingeritsolutions.space\/wp-content\/uploads\/2026\/03\/Frame-45.svg\" srcset=\"https:\/\/bzexpress.gingeritsolutions.space\/wp-content\/uploads\/2026\/03\/Frame-45.svg 150w, https:\/\/bzexpress.gingeritsolutions.space\/wp-content\/uploads\/2026\/03\/Frame-45.svg 300w, https:\/\/bzexpress.gingeritsolutions.space\/wp-content\/uploads\/2026\/03\/Frame-45.svg 480w, https:\/\/bzexpress.gingeritsolutions.space\/wp-content\/uploads\/2026\/03\/Frame-45.svg 720w, https:\/\/bzexpress.gingeritsolutions.space\/wp-content\/uploads\/2026\/03\/Frame-45.svg 1080w, https:\/\/bzexpress.gingeritsolutions.space\/wp-content\/uploads\/2026\/03\/Frame-45.svg 1600w\" sizes=\"(max-width: 1600px) 100vw\" class=\"w-8 h-8\" alt=\"\" width=\"auto\" height=\"auto\" loading=\"eager\">\n                                                                        <p>\n                                        Posibilidades de parqueo en nuestra yarda y alquiler de remolques.                                    <\/p>\n                                                            <\/div>\n                                            <\/div>\n                \n            <\/div>\n        <\/div>\n    <\/div>\n<\/section>\n\n\n<section class=\"lg:pb-20\">\n\n    <div class=\"relative bg-white-200 py-10 md:pt-26 md:pb-15 lg:pb-36\">\n                <img decoding=\"async\" src=\"https:\/\/bzexpress.gingeritsolutions.space\/wp-content\/uploads\/2026\/03\/Rectangle-50.avif\" srcset=\"https:\/\/bzexpress.gingeritsolutions.space\/wp-content\/uploads\/2026\/03\/Rectangle-50-150x150.avif 150w, https:\/\/bzexpress.gingeritsolutions.space\/wp-content\/uploads\/2026\/03\/Rectangle-50.avif 300w, https:\/\/bzexpress.gingeritsolutions.space\/wp-content\/uploads\/2026\/03\/Rectangle-50.avif 480w, https:\/\/bzexpress.gingeritsolutions.space\/wp-content\/uploads\/2026\/03\/Rectangle-50.avif 720w, https:\/\/bzexpress.gingeritsolutions.space\/wp-content\/uploads\/2026\/03\/Rectangle-50.avif 1080w, https:\/\/bzexpress.gingeritsolutions.space\/wp-content\/uploads\/2026\/03\/Rectangle-50.avif 1600w\" sizes=\"(max-width: 1600px) 100vw\" class=\"w-full max-w-60 md:block hidden h-auto rounded-[0.625rem] absolute top-0 right-20 -translate-y-1\/2 | js-observe fade-in\" alt=\"\" width=\"241\" height=\"160\" loading=\"eager\">\n            <div class=\"container\">\n                            <div class=\"mx-auto mb-8 lg:mb-0 w-full max-w-132 text-format text-center | js-observe fade-in-up\">\n                    <h2 class=\"m-40-500\" style=\"text-align: center;\">\u00bfPor qu\u00e9 elegir BZ Express?<\/h2>\n<p style=\"text-align: center;\">Ya sea que est\u00e9s moviendo carga o conduciendo las millas, BZ Express es un socio en el que puedes contar.<\/p>\n                <\/div>\n                                        <div class=\"bottom-0 left-1\/2 lg:absolute flex flex-wrap justify-center gap-2.5 lg:grid grid-cols-5 w-full lg:-translate-x-1\/2 lg:translate-y-1\/2 container\">\n                                                                                                <div class=\"flex justify-center items-center card-grid-gradient m-20-400 px-7.5 py-5 rounded-[0.625rem] w-full max-w-64.5 sm:max-w-[calc(50%-10px)] lg:max-w-full min-h-33 md:min-h-40.5 text-white text-center | js-observe fade-in-up\">\n                                <p>Flota de m\u00e1s de<strong> 100 camiones<\/strong><\/p>\n                            <\/div>\n                                                                                                                        <div class=\"flex justify-center items-center card-grid-gradient m-20-400 px-7.5 py-5 rounded-[0.625rem] w-full max-w-64.5 sm:max-w-[calc(50%-10px)] lg:max-w-full min-h-33 md:min-h-40.5 text-white text-center | js-observe fade-in-up\">\n                                <p><strong>Cultura empresarial<\/strong> centrada en el conductor<\/p>\n                            <\/div>\n                                                                                                                        <div class=\"flex justify-center items-center card-grid-gradient m-20-400 px-7.5 py-5 rounded-[0.625rem] w-full max-w-64.5 sm:max-w-[calc(50%-10px)] lg:max-w-full min-h-33 md:min-h-40.5 text-white text-center | js-observe fade-in-up\">\n                                <p><strong>Capacidad confiable<\/strong> para corredores y embarcadores<\/p>\n                            <\/div>\n                                                                                                                        <div class=\"flex justify-center items-center card-grid-gradient m-20-400 px-7.5 py-5 rounded-[0.625rem] w-full max-w-64.5 sm:max-w-[calc(50%-10px)] lg:max-w-full min-h-33 md:min-h-40.5 text-white text-center | js-observe fade-in-up\">\n                                <p><strong>Mantenimiento<\/strong> y soporte interno<\/p>\n                            <\/div>\n                                                                                                                        <div class=\"flex justify-center items-center card-grid-gradient m-20-400 px-7.5 py-5 rounded-[0.625rem] w-full max-w-64.5 sm:max-w-[calc(50%-10px)] lg:max-w-full min-h-33 md:min-h-40.5 text-white text-center | js-observe fade-in-up\">\n                                <p>Compromiso con el crecimiento<strong> a largo plazo<\/strong><\/p>\n                            <\/div>\n                                                            <\/div>\n                    <\/div>\n    <\/div>\n\n<\/section>\n\n\n<section class=\"py-10 md:py-20 xl:py-30\">\n    <div class=\"relative container\">\n\n        <div class=\"xl:bg-white-200 m-30-400 xl:py-15 rounded-[0.625rem] text-center\">\n                            <div class=\"mx-auto mb-6 xl:mb-7.5 w-full max-w-224 | js-observe fade-in-up\">\n                    \u201cNuestro objetivo es transportar cargas de manera segura, a tiempo y con integridad, desde cargas puntuales hasta las asociaciones a largo plazo.\u201d                <\/div>\n                                        <a class=\"mx-auto btn--outline-red btn | js-observe fade-in-up\" href=\"https:\/\/bzexpress.gingeritsolutions.space\/es\/sobre-nosotros\/\" target=\"\">\n                    Sobre Nosotros                <\/a>\n                                <img decoding=\"async\" src=\"https:\/\/bzexpress.gingeritsolutions.space\/wp-content\/uploads\/2026\/03\/Rectangle-51.avif\" srcset=\"https:\/\/bzexpress.gingeritsolutions.space\/wp-content\/uploads\/2026\/03\/Rectangle-51-150x150.avif 150w, https:\/\/bzexpress.gingeritsolutions.space\/wp-content\/uploads\/2026\/03\/Rectangle-51.avif 300w, https:\/\/bzexpress.gingeritsolutions.space\/wp-content\/uploads\/2026\/03\/Rectangle-51.avif 480w, https:\/\/bzexpress.gingeritsolutions.space\/wp-content\/uploads\/2026\/03\/Rectangle-51.avif 720w, https:\/\/bzexpress.gingeritsolutions.space\/wp-content\/uploads\/2026\/03\/Rectangle-51.avif 1080w, https:\/\/bzexpress.gingeritsolutions.space\/wp-content\/uploads\/2026\/03\/Rectangle-51.avif 1600w\" sizes=\"(max-width: 1600px) 100vw\" class=\"w-full xl:mt-0 mt-6 max-w-60 xl:max-w-55 rounded-[0.625rem] xl:absolute left-0 top-1\/2 xl:-translate-x-1\/2 mx-auto xl:-translate-y-1\/2 | js-observe fade-in\" alt=\"\" width=\"213\" height=\"160\" loading=\"eager\">\n            <\/div>\n\n    <\/div>\n<\/section>\n\n\n<section class=\"relative z-1 bg-transparent  \">\n    <div class=\"container\">\n        <div class=\"flex md:flex-row flex-col justify-between items-start md:items-center gap-6 md:gap-10\">\n                            <div class=\"w-full md:max-w-133 text-format | js-observe fade-in-up\">\n                    <h2 class=\"m-40-500\">Seguridad y confiabilidad en cada milla.<\/h2>\n<p>En BZ Express, la seguridad no es solo un eslogan; es la forma en que hacemos negocios. Desde equipos bien mantenidos hasta una planificaci\u00f3n experta del despacho, cada elecci\u00f3n se hace pensando en la seguridad del conductor y la carga.<\/p>\n<p>Nuestras capacidades de mantenimiento interno nos permiten:<\/p>\n<ul role=\"list\">\n<li>\n<div class=\"docos-replyview-body docos-anchoredreplyview-body docos-replyview-body-emoji-reactable docos-replyview-body-emoji-reactable-background\" dir=\"ltr\">Reducir el tiempo de inactividad.<\/div>\n<\/li>\n<li>\n<div class=\"docos-replyview-body docos-anchoredreplyview-body docos-replyview-body-emoji-reactable docos-replyview-body-emoji-reactable-background\" dir=\"ltr\">Mantener excelentes est\u00e1ndares de equipamiento.<\/div>\n<\/li>\n<li>\n<div class=\"docos-replyview-body docos-anchoredreplyview-body docos-replyview-body-emoji-reactable docos-replyview-body-emoji-reactable-background\" dir=\"ltr\">Garantizar la seguridad y productividad del conductor.<\/div>\n<\/li>\n<\/ul>\n<p class=\"btn btn--outline-red\"><a href=\"https:\/\/bzexpress.gingeritsolutions.space\/es\/taller-de-camiones\/\">Mantenimiento interno<\/a><\/p>\n                <\/div>\n                                        <div class=\"relative w-full max-w-89 sm:max-w-111\">\n                            <img decoding=\"async\" src=\"https:\/\/bzexpress.gingeritsolutions.space\/wp-content\/uploads\/2026\/03\/Rectangle-20-1.avif\" srcset=\"https:\/\/bzexpress.gingeritsolutions.space\/wp-content\/uploads\/2026\/03\/Rectangle-20-1-150x150.avif 150w, https:\/\/bzexpress.gingeritsolutions.space\/wp-content\/uploads\/2026\/03\/Rectangle-20-1.avif 300w, https:\/\/bzexpress.gingeritsolutions.space\/wp-content\/uploads\/2026\/03\/Rectangle-20-1-267x300.avif 480w, https:\/\/bzexpress.gingeritsolutions.space\/wp-content\/uploads\/2026\/03\/Rectangle-20-1.avif 720w, https:\/\/bzexpress.gingeritsolutions.space\/wp-content\/uploads\/2026\/03\/Rectangle-20-1.avif 1080w, https:\/\/bzexpress.gingeritsolutions.space\/wp-content\/uploads\/2026\/03\/Rectangle-20-1.avif 1600w\" sizes=\"(max-width: 1600px) 100vw\" class=\"w-full h-auto rounded-[0.625rem] max-w-60 sm:max-w-92 | js-observe fade-in-up\" alt=\"\" width=\"732\" height=\"822\" loading=\"eager\">\n                                                <p class=\"right-0 bottom-0 absolute p-4 rounded-[0.625rem] max-w-59 text-white content-image-text-gradient translate-y-1\/2 | js-observe fade-in\">\n                            Mantenimiento interno, confiabilidad en la carretera.                        <\/p>\n                                    <\/div>\n                    <\/div>\n    <\/div>\n<\/section>\n\n\n<section class=\"pt-20 md:pt-30 pb-20 md:pb-30\">\n    <div class=\"container\">\n                    <div class=\"mx-auto w-full max-w-210 text-format text-center | js-observe fade-in-up\">\n                <h2 class=\"m-40-500 text-gradient\" style=\"text-align: center;\">Avancemos juntos.<\/h2>\n<p style=\"text-align: center;\">\u00bfBuscas un transportista confiable? \u00bfEst\u00e1s pensando en unirte a nuestro equipo de conductores? BZ Express est\u00e1 listo cuando t\u00fa lo est\u00e9s.<\/p>\n<p class=\"btn btn--outline-red\" style=\"text-align: center;\"><a href=\"https:\/\/bzexpress.gingeritsolutions.space\/es\/contacto\/\">Cont\u00e1ctanos<\/a><\/p>\n            <\/div>\n            <\/div>\n<\/section>","protected":false},"excerpt":{"rendered":"","protected":false},"author":1,"featured_media":0,"parent":0,"menu_order":0,"comment_status":"closed","ping_status":"closed","template":"","meta":{"_acf_changed":false,"footnotes":""},"class_list":["post-412","page","type-page","status-publish","hentry"],"acf":[],"_links":{"self":[{"href":"https:\/\/bzexpress.gingeritsolutions.space\/es\/wp-json\/wp\/v2\/pages\/412","targetHints":{"allow":["GET"]}}],"collection":[{"href":"https:\/\/bzexpress.gingeritsolutions.space\/es\/wp-json\/wp\/v2\/pages"}],"about":[{"href":"https:\/\/bzexpress.gingeritsolutions.space\/es\/wp-json\/wp\/v2\/types\/page"}],"author":[{"embeddable":true,"href":"https:\/\/bzexpress.gingeritsolutions.space\/es\/wp-json\/wp\/v2\/users\/1"}],"replies":[{"embeddable":true,"href":"https:\/\/bzexpress.gingeritsolutions.space\/es\/wp-json\/wp\/v2\/comments?post=412"}],"version-history":[{"count":10,"href":"https:\/\/bzexpress.gingeritsolutions.space\/es\/wp-json\/wp\/v2\/pages\/412\/revisions"}],"predecessor-version":[{"id":536,"href":"https:\/\/bzexpress.gingeritsolutions.space\/es\/wp-json\/wp\/v2\/pages\/412\/revisions\/536"}],"wp:attachment":[{"href":"https:\/\/bzexpress.gingeritsolutions.space\/es\/wp-json\/wp\/v2\/media?parent=412"}],"curies":[{"name":"wp","href":"https:\/\/api.w.org\/{rel}","templated":true}]}}