{"id":419,"date":"2026-03-05T10:21:07","date_gmt":"2026-03-05T10:21:07","guid":{"rendered":"https:\/\/bzexpress.gingeritsolutions.space\/drivers\/"},"modified":"2026-03-16T13:36:44","modified_gmt":"2026-03-16T13:36:44","slug":"de-conductores","status":"publish","type":"page","link":"https:\/\/bzexpress.gingeritsolutions.space\/es\/de-conductores\/","title":{"rendered":"De Conductores"},"content":{"rendered":"\n\n<section class=\"relative flex items-center hero-gradient pt-35 pb-17\">\n            <img fetchpriority=\"high\" decoding=\"async\" src=\"https:\/\/bzexpress.gingeritsolutions.space\/wp-content\/uploads\/2026\/03\/Frame-1321316064-scaled.avif\" srcset=\"https:\/\/bzexpress.gingeritsolutions.space\/wp-content\/uploads\/2026\/03\/Frame-1321316064-150x150.avif 150w, https:\/\/bzexpress.gingeritsolutions.space\/wp-content\/uploads\/2026\/03\/Frame-1321316064-scaled.avif 300w, https:\/\/bzexpress.gingeritsolutions.space\/wp-content\/uploads\/2026\/03\/Frame-1321316064-300x114.avif 480w, https:\/\/bzexpress.gingeritsolutions.space\/wp-content\/uploads\/2026\/03\/Frame-1321316064-1024x388.avif 720w, https:\/\/bzexpress.gingeritsolutions.space\/wp-content\/uploads\/2026\/03\/Frame-1321316064-scaled.avif 1080w, https:\/\/bzexpress.gingeritsolutions.space\/wp-content\/uploads\/2026\/03\/Frame-1321316064-scaled.avif 1600w\" sizes=\"(max-width: 1600px) 100vw\" class=\"w-full h-full object-cover absolute top-0 left-0 object-right\" alt=\"\" width=\"2560\" height=\"971\" loading=\"eager\">\n        <div class=\"z-1 relative container\">\n                    <div class=\"mx-auto md:mx-0 [&#038;_p]:last:mt-10 [&#038;_h1]:mb-4 [&#038;_h1_strong]:font-semibold text-white md:text-left text-center | js-observe fade-in-up max-w-146\">\n                <h1 class=\"m-50-400\">Conduce tu futuro con BZ Express.<\/h1>\n<p>En BZ Express, no solo ofrecemos empleos; tambi\u00e9n brindamos caminos profesionales dirigidos a tus necesidades espec\u00edficas. Ya seas conductor de empresa, operador propietario o est\u00e9s interesado en nuestro programa de arrendamiento con opci\u00f3n a compra, tenemos posibilidades que recompensar\u00e1n tu arduo trabajo con compensaci\u00f3n competitiva, cargas constante y excelente servicio.<\/p>\n<p><a class=\"btn btn--red js-hero-modal-btn js-driver-modal-btn\" href=\"#\">Conduce con nosotros &#8211; Solicita hoy<\/a><\/p>\n            <\/div>\n            <\/div>\n<\/section>\n\n\n<section class=\"relative py-10 md:pt-30 md:pb-20 bg-transparent\">\n    <div class=\"container\">\n                    <div class=\"mx-auto w-full max-w-210 [&#038;_strong]:font-semibold text-format text-center text-balance | js-observe fade-in-up\">\n                <h2 class=\"m-40-500\">Un trabajo estable con <span class=\"text-gradient\">un camino profesional claro<\/span><\/h2>\n<p>En BZ Express no solo ofrecemos empleos; tambi\u00e9n brindamos oportunidades de carrera adaptadas a tus necesidades espec\u00edficas.<\/p>\n<p><strong>Somos una empresa familiar, centrada en los conductores, con una flota de m\u00e1s de 100 veh\u00edculos<\/strong><br \/>\nque transportan carga de costa a costa desde nuestra sede en Houston.<\/p>\n            <\/div>\n                <div>\n                    <\/div>\n            <\/div>\n<\/section>\n\n\n<section class=\"bg-white-200 py-10 md:py-24\">\n    <div class=\"container\">\n        <div class=\"flex md:flex-row flex-col justify-between items-start gap-6 md:gap-10 w-full\">\n                            <h2 class=\"top-27 md:sticky m-40-500 w-full md:max-w-72 text-gradient | js-observe fade-in-up\">\n                    Tus opciones. Tu \u00e9xito.                <\/h2>\n                                        <div class=\"w-full md:max-w-134\">\n                                                                    <div class=\"flex sm:flex-row flex-col items-start gap-2 sm:gap-5 not-last:mb-4 not-last:sm:mb-10 | js-observe fade-in-up\">\n                                    <img decoding=\"async\" src=\"https:\/\/bzexpress.gingeritsolutions.space\/wp-content\/uploads\/2026\/03\/Layer_1-27.svg\" srcset=\"https:\/\/bzexpress.gingeritsolutions.space\/wp-content\/uploads\/2026\/03\/Layer_1-27.svg 150w, https:\/\/bzexpress.gingeritsolutions.space\/wp-content\/uploads\/2026\/03\/Layer_1-27.svg 300w, https:\/\/bzexpress.gingeritsolutions.space\/wp-content\/uploads\/2026\/03\/Layer_1-27.svg 480w, https:\/\/bzexpress.gingeritsolutions.space\/wp-content\/uploads\/2026\/03\/Layer_1-27.svg 720w, https:\/\/bzexpress.gingeritsolutions.space\/wp-content\/uploads\/2026\/03\/Layer_1-27.svg 1080w, https:\/\/bzexpress.gingeritsolutions.space\/wp-content\/uploads\/2026\/03\/Layer_1-27.svg 1600w\" sizes=\"(max-width: 1600px) 100vw\" class=\"sm:min-w-10 w-8 sm:w-10 h-auto\" alt=\"\" width=\"auto\" height=\"auto\" loading=\"eager\">\n                                                                <div class=\"[&#038;_h3]:mb-2\">\n                                    <h3 class=\"m-25-500\">Conductores de empresa<\/h3>\n<p>Tendr\u00e1s carga constante durante todo el a\u00f1o con expectativas definidas y compensaci\u00f3n confiable. Los conductores de empresa ganan $0.65 por milla, lo cual est\u00e1 dise\u00f1ado para hacer que tu pago sea estable y predecible.<\/p>\n                                <\/div>\n                                                    <\/div>\n                                                                    <div class=\"flex sm:flex-row flex-col items-start gap-2 sm:gap-5 not-last:mb-4 not-last:sm:mb-10 | js-observe fade-in-up\">\n                                    <img decoding=\"async\" src=\"https:\/\/bzexpress.gingeritsolutions.space\/wp-content\/uploads\/2026\/03\/Capa_1-12.svg\" srcset=\"https:\/\/bzexpress.gingeritsolutions.space\/wp-content\/uploads\/2026\/03\/Capa_1-12.svg 150w, https:\/\/bzexpress.gingeritsolutions.space\/wp-content\/uploads\/2026\/03\/Capa_1-12.svg 300w, https:\/\/bzexpress.gingeritsolutions.space\/wp-content\/uploads\/2026\/03\/Capa_1-12.svg 480w, https:\/\/bzexpress.gingeritsolutions.space\/wp-content\/uploads\/2026\/03\/Capa_1-12.svg 720w, https:\/\/bzexpress.gingeritsolutions.space\/wp-content\/uploads\/2026\/03\/Capa_1-12.svg 1080w, https:\/\/bzexpress.gingeritsolutions.space\/wp-content\/uploads\/2026\/03\/Capa_1-12.svg 1600w\" sizes=\"(max-width: 1600px) 100vw\" class=\"sm:min-w-10 w-8 sm:w-10 h-auto\" alt=\"\" width=\"auto\" height=\"auto\" loading=\"eager\">\n                                                                <div class=\"[&#038;_h3]:mb-2\">\n                                    <h3 class=\"m-25-500\">Operadores propietarios<\/h3>\n<p>Mant\u00e9n m\u00e1s de lo que ganas&#8212;hasta el 88% de los ingresos brutos&#8212;mientras aprovechas nuestra red de carga confiable.<\/p>\n                                <\/div>\n                                                    <\/div>\n                                                                    <div class=\"flex sm:flex-row flex-col items-start gap-2 sm:gap-5 not-last:mb-4 not-last:sm:mb-10 | js-observe fade-in-up\">\n                                    <img decoding=\"async\" src=\"https:\/\/bzexpress.gingeritsolutions.space\/wp-content\/uploads\/2026\/03\/Layer_1-28.svg\" srcset=\"https:\/\/bzexpress.gingeritsolutions.space\/wp-content\/uploads\/2026\/03\/Layer_1-28.svg 150w, https:\/\/bzexpress.gingeritsolutions.space\/wp-content\/uploads\/2026\/03\/Layer_1-28.svg 300w, https:\/\/bzexpress.gingeritsolutions.space\/wp-content\/uploads\/2026\/03\/Layer_1-28.svg 480w, https:\/\/bzexpress.gingeritsolutions.space\/wp-content\/uploads\/2026\/03\/Layer_1-28.svg 720w, https:\/\/bzexpress.gingeritsolutions.space\/wp-content\/uploads\/2026\/03\/Layer_1-28.svg 1080w, https:\/\/bzexpress.gingeritsolutions.space\/wp-content\/uploads\/2026\/03\/Layer_1-28.svg 1600w\" sizes=\"(max-width: 1600px) 100vw\" class=\"sm:min-w-10 w-8 sm:w-10 h-auto\" alt=\"\" width=\"auto\" height=\"auto\" loading=\"eager\">\n                                                                <div class=\"[&#038;_h3]:mb-2\">\n                                    <h3 class=\"m-25-500\">Programa de arrendamiento con opci\u00f3n a compra<\/h3>\n<p>\u00bfEst\u00e1s listo para dar el siguiente paso hacia la propiedad del equipo? Nuestro programa de arrendamiento con opci\u00f3n a compra te brinda un camino claro para comprar tu cami\u00f3n mientras trabajas con un equipo de despacho y soporte que te respalda.<\/p>\n                                <\/div>\n                                                    <\/div>\n                                    <\/div>\n            \n        <\/div>\n    <\/div>\n<\/section>\n\n\n<section class=\"pt-10 md:pt-25 pb-10 md:pb-25 bg-transparent\">\n    <div class=\"container\">\n                    <div class=\"mb-10 [&#038;_h2]:not-last:mb-2 [&#038;_p]:not-last:mb-2 w-full text-center | js-observe fade-in-up\">\n                <h2 class=\"m-40-500 text-gradient\">\u00bfPor qu\u00e9 los conductores eligen BZ Express?<\/h2>\n            <\/div>\n                            <div class=\"gap-5 grid grid-cols-1 md:grid-cols-2 lg:grid-cols-3 mx-auto max-w-88 md:max-w-full\">\n                                                                                <div class=\"p-5 rounded-[0.625rem] w-full min-h-64 overflow-hidden text-white card-icon-gradient | js-observe fade-in-up\">\n                                    <img decoding=\"async\" src=\"https:\/\/bzexpress.gingeritsolutions.space\/wp-content\/uploads\/2026\/03\/Layer_1-29.svg\" srcset=\"https:\/\/bzexpress.gingeritsolutions.space\/wp-content\/uploads\/2026\/03\/Layer_1-29.svg 150w, https:\/\/bzexpress.gingeritsolutions.space\/wp-content\/uploads\/2026\/03\/Layer_1-29.svg 300w, https:\/\/bzexpress.gingeritsolutions.space\/wp-content\/uploads\/2026\/03\/Layer_1-29.svg 480w, https:\/\/bzexpress.gingeritsolutions.space\/wp-content\/uploads\/2026\/03\/Layer_1-29.svg 720w, https:\/\/bzexpress.gingeritsolutions.space\/wp-content\/uploads\/2026\/03\/Layer_1-29.svg 1080w, https:\/\/bzexpress.gingeritsolutions.space\/wp-content\/uploads\/2026\/03\/Layer_1-29.svg 1600w\" sizes=\"(max-width: 1600px) 100vw\" class=\"w-15 h-auto mb-2 md:mx-0 mx-auto\" alt=\"\" width=\"auto\" height=\"auto\" loading=\"eager\">\n                                                                <div class=\"[&#038;_h3]:mb-2 md:text-left text-center text-balance\">\n                                    <h3 class=\"m-20-700\">Cargas constantes y rutas planificadas.<\/h3>\n<p>Nos enfocamos en cargas confiables que te mantienen en movimiento sin preocupaciones &#8212; m\u00e1s millas, menos pausas en tu horario.<\/p>\n                                <\/div>\n                                                    <\/div>\n\n                                                                                                    <div class=\"p-5 rounded-[0.625rem] w-full min-h-64 overflow-hidden text-white card-icon-gradient | js-observe fade-in-up\">\n                                    <img decoding=\"async\" src=\"https:\/\/bzexpress.gingeritsolutions.space\/wp-content\/uploads\/2026\/03\/Frame-46.svg\" srcset=\"https:\/\/bzexpress.gingeritsolutions.space\/wp-content\/uploads\/2026\/03\/Frame-46.svg 150w, https:\/\/bzexpress.gingeritsolutions.space\/wp-content\/uploads\/2026\/03\/Frame-46.svg 300w, https:\/\/bzexpress.gingeritsolutions.space\/wp-content\/uploads\/2026\/03\/Frame-46.svg 480w, https:\/\/bzexpress.gingeritsolutions.space\/wp-content\/uploads\/2026\/03\/Frame-46.svg 720w, https:\/\/bzexpress.gingeritsolutions.space\/wp-content\/uploads\/2026\/03\/Frame-46.svg 1080w, https:\/\/bzexpress.gingeritsolutions.space\/wp-content\/uploads\/2026\/03\/Frame-46.svg 1600w\" sizes=\"(max-width: 1600px) 100vw\" class=\"w-15 h-auto mb-2 md:mx-0 mx-auto\" alt=\"\" width=\"auto\" height=\"auto\" loading=\"eager\">\n                                                                <div class=\"[&#038;_h3]:mb-2 md:text-left text-center text-balance\">\n                                    <h3 class=\"m-20-700\">Pago competitivo y planes transparentes.<\/h3>\n<p>Los conductores de empresa reciben $0.65 por milla, los operadores propietarios mantienen hasta el 88% de los ingresos brutos, y los planes de pago personalizables te permiten maximizar tus ganancias.<\/p>\n                                <\/div>\n                                                    <\/div>\n\n                                                                                                    <div class=\"p-5 rounded-[0.625rem] w-full min-h-64 overflow-hidden text-white card-icon-gradient | js-observe fade-in-up\">\n                                    <img decoding=\"async\" src=\"https:\/\/bzexpress.gingeritsolutions.space\/wp-content\/uploads\/2026\/03\/Layer_1-30.svg\" srcset=\"https:\/\/bzexpress.gingeritsolutions.space\/wp-content\/uploads\/2026\/03\/Layer_1-30.svg 150w, https:\/\/bzexpress.gingeritsolutions.space\/wp-content\/uploads\/2026\/03\/Layer_1-30.svg 300w, https:\/\/bzexpress.gingeritsolutions.space\/wp-content\/uploads\/2026\/03\/Layer_1-30.svg 480w, https:\/\/bzexpress.gingeritsolutions.space\/wp-content\/uploads\/2026\/03\/Layer_1-30.svg 720w, https:\/\/bzexpress.gingeritsolutions.space\/wp-content\/uploads\/2026\/03\/Layer_1-30.svg 1080w, https:\/\/bzexpress.gingeritsolutions.space\/wp-content\/uploads\/2026\/03\/Layer_1-30.svg 1600w\" sizes=\"(max-width: 1600px) 100vw\" class=\"w-15 h-auto mb-2 md:mx-0 mx-auto\" alt=\"\" width=\"auto\" height=\"auto\" loading=\"eager\">\n                                                                <div class=\"[&#038;_h3]:mb-2 md:text-left text-center text-balance\">\n                                    <h3 class=\"m-20-700\">Despacho centrado en el conductor.<\/h3>\n<p>Nuestro experimentado equipo de despachers colabora contigo para identificar la carga que se adapta a tus necesidades y te mantiene trabajando &#8211; sin despacho forzado.<\/p>\n                                <\/div>\n                                                    <\/div>\n\n                                                                                                    <div class=\"p-5 rounded-[0.625rem] w-full min-h-64 overflow-hidden text-white card-icon-gradient | js-observe fade-in-up\">\n                                    <img decoding=\"async\" src=\"https:\/\/bzexpress.gingeritsolutions.space\/wp-content\/uploads\/2026\/03\/Frame-47.svg\" srcset=\"https:\/\/bzexpress.gingeritsolutions.space\/wp-content\/uploads\/2026\/03\/Frame-47.svg 150w, https:\/\/bzexpress.gingeritsolutions.space\/wp-content\/uploads\/2026\/03\/Frame-47.svg 300w, https:\/\/bzexpress.gingeritsolutions.space\/wp-content\/uploads\/2026\/03\/Frame-47.svg 480w, https:\/\/bzexpress.gingeritsolutions.space\/wp-content\/uploads\/2026\/03\/Frame-47.svg 720w, https:\/\/bzexpress.gingeritsolutions.space\/wp-content\/uploads\/2026\/03\/Frame-47.svg 1080w, https:\/\/bzexpress.gingeritsolutions.space\/wp-content\/uploads\/2026\/03\/Frame-47.svg 1600w\" sizes=\"(max-width: 1600px) 100vw\" class=\"w-15 h-auto mb-2 md:mx-0 mx-auto\" alt=\"\" width=\"auto\" height=\"auto\" loading=\"eager\">\n                                                                <div class=\"[&#038;_h3]:mb-2 md:text-left text-center text-balance\">\n                                    <h3 class=\"m-20-700\">Mantenimiento interno prioritario<\/h3>\n<p>Los conductores de BZ Express reciben tratamiento prioritario en nuestro taller mec\u00e1nico, lo que te mantiene m\u00e1s seguro y en la carretera durante per\u00edodos m\u00e1s largos con un tiempo de inactividad m\u00ednimo.<\/p>\n                                <\/div>\n                                                    <\/div>\n\n                                                                                                    <div class=\"p-5 rounded-[0.625rem] w-full min-h-64 overflow-hidden text-white card-icon-gradient | js-observe fade-in-up\">\n                                    <img decoding=\"async\" src=\"https:\/\/bzexpress.gingeritsolutions.space\/wp-content\/uploads\/2026\/03\/Frame-48.svg\" srcset=\"https:\/\/bzexpress.gingeritsolutions.space\/wp-content\/uploads\/2026\/03\/Frame-48.svg 150w, https:\/\/bzexpress.gingeritsolutions.space\/wp-content\/uploads\/2026\/03\/Frame-48.svg 300w, https:\/\/bzexpress.gingeritsolutions.space\/wp-content\/uploads\/2026\/03\/Frame-48.svg 480w, https:\/\/bzexpress.gingeritsolutions.space\/wp-content\/uploads\/2026\/03\/Frame-48.svg 720w, https:\/\/bzexpress.gingeritsolutions.space\/wp-content\/uploads\/2026\/03\/Frame-48.svg 1080w, https:\/\/bzexpress.gingeritsolutions.space\/wp-content\/uploads\/2026\/03\/Frame-48.svg 1600w\" sizes=\"(max-width: 1600px) 100vw\" class=\"w-15 h-auto mb-2 md:mx-0 mx-auto\" alt=\"\" width=\"auto\" height=\"auto\" loading=\"eager\">\n                                                                <div class=\"[&#038;_h3]:mb-2 md:text-left text-center text-balance\">\n                                    <h3 class=\"m-20-700\">Soporte desde casa hasta la carretera.<\/h3>\n<p>Asistencia remota en carretera 24\/7, registros computarizados, alternativas de tarjeta de combustible y operaciones especializadas te permiten conducir con confianza.<\/p>\n                                <\/div>\n                                                    <\/div>\n\n                                                                                                    <div class=\"p-5 rounded-[0.625rem] w-full min-h-64 overflow-hidden text-white card-icon-gradient | js-observe fade-in-up\">\n                                    <img decoding=\"async\" src=\"https:\/\/bzexpress.gingeritsolutions.space\/wp-content\/uploads\/2026\/03\/Frame-49.svg\" srcset=\"https:\/\/bzexpress.gingeritsolutions.space\/wp-content\/uploads\/2026\/03\/Frame-49.svg 150w, https:\/\/bzexpress.gingeritsolutions.space\/wp-content\/uploads\/2026\/03\/Frame-49.svg 300w, https:\/\/bzexpress.gingeritsolutions.space\/wp-content\/uploads\/2026\/03\/Frame-49.svg 480w, https:\/\/bzexpress.gingeritsolutions.space\/wp-content\/uploads\/2026\/03\/Frame-49.svg 720w, https:\/\/bzexpress.gingeritsolutions.space\/wp-content\/uploads\/2026\/03\/Frame-49.svg 1080w, https:\/\/bzexpress.gingeritsolutions.space\/wp-content\/uploads\/2026\/03\/Frame-49.svg 1600w\" sizes=\"(max-width: 1600px) 100vw\" class=\"w-15 h-auto mb-2 md:mx-0 mx-auto\" alt=\"\" width=\"auto\" height=\"auto\" loading=\"eager\">\n                                                                <div class=\"[&#038;_h3]:mb-2 md:text-left text-center text-balance\">\n                                    <h3 class=\"m-20-700\">Servicios de patio y remolque.<\/h3>\n<p>Acceso a nuestra yarda de la empresa y opciones de alquiler de remolques, porque la comodidad es importante dentro y fuera de la carretera.<\/p>\n                                <\/div>\n                                                    <\/div>\n\n                                                <\/div>\n            <\/div>\n<\/section>\n\n\n<section class=\"relative z-1 bg-transparent  \">\n    <div class=\"container\">\n        <div class=\"flex md:flex-row flex-col justify-between items-start md:items-center gap-6 md:gap-10\">\n                            <div class=\"w-full md:max-w-133 text-format | js-observe fade-in-up\">\n                    <h2 class=\"m-40-500\">Escucha a los conductores (voz interna).<\/h2>\n<p>\u201cBZ Express me proporciona la carga que requiero y el apoyo que espero. Me consideran como un colaborador, no como un n\u00famero.\u201d<\/p>\n<p>&#8220;Como operador propietario, mantener el 88% de los ingresos brutos me ayuda a hacer crecer mi negocio y mantenerme competitivo.&#8221;<\/p>\n                <\/div>\n                                        <div class=\"relative w-full max-w-89 sm:max-w-111\">\n                            <img decoding=\"async\" src=\"https:\/\/bzexpress.gingeritsolutions.space\/wp-content\/uploads\/2026\/03\/Rectangle-20-2.avif\" srcset=\"https:\/\/bzexpress.gingeritsolutions.space\/wp-content\/uploads\/2026\/03\/Rectangle-20-2-150x150.avif 150w, https:\/\/bzexpress.gingeritsolutions.space\/wp-content\/uploads\/2026\/03\/Rectangle-20-2.avif 300w, https:\/\/bzexpress.gingeritsolutions.space\/wp-content\/uploads\/2026\/03\/Rectangle-20-2-267x300.avif 480w, https:\/\/bzexpress.gingeritsolutions.space\/wp-content\/uploads\/2026\/03\/Rectangle-20-2.avif 720w, https:\/\/bzexpress.gingeritsolutions.space\/wp-content\/uploads\/2026\/03\/Rectangle-20-2.avif 1080w, https:\/\/bzexpress.gingeritsolutions.space\/wp-content\/uploads\/2026\/03\/Rectangle-20-2.avif 1600w\" sizes=\"(max-width: 1600px) 100vw\" class=\"w-full h-auto rounded-[0.625rem] max-w-60 sm:max-w-92 | js-observe fade-in-up\" alt=\"\" width=\"366\" height=\"411\" loading=\"eager\">\n                                                <p class=\"right-0 bottom-0 absolute p-4 rounded-[0.625rem] max-w-59 text-white content-image-text-gradient translate-y-1\/2 | js-observe fade-in\">\n                            Mantenimiento interno, confiabilidad en la carretera.                        <\/p>\n                                    <\/div>\n                    <\/div>\n    <\/div>\n<\/section>\n\n\n<section class=\"relative pt-30 md:pb-30\">\n    <div class=\"container\">\n                    <div class=\"mx-auto mb-10 [&#038;_h2]:mb-4 md:mb-0 max-w-157 text-center | js-observe fade-in-up\">\n                <h2 class=\"m-40-500 text-gradient\">Tu seguridad y \u00e9xito importan.<\/h2>\n<p>En BZ Express, <strong>la seguridad es lo primero<\/strong>. Nuestra flota se mantiene seg\u00fan est\u00e1ndares estrictos, y nuestra cultura enfocada en la seguridad garantiza que regreses a casa todos los d\u00edas<\/p>\n            <\/div>\n            <\/div>\n            <div class=\"bottom-0 left-1\/2 md:absolute mx-auto md:px-8 w-full max-w-301 md:-translate-x-1\/2 md:translate-y-1\/2 | js-observe fade-in\">\n            <div class=\"px-9 py-8 md:py-13 md:rounded-[0.625rem] gradient-break-bg\">\n                <div class=\"m-22-700 max-w-231 text-white text-center\">\n                    Desde el mantenimiento preventivo hasta la asistencia en carretera, estamos contigo en cada milla.                <\/div>\n            <\/div>\n        <\/div>\n    <\/section>\n\n\n<section class=\"bg-transparent py-10 md:pt-35 xl:pt-45 md:pb-20 xl:pb-30\">\n    <div class=\"container\">\n        <div class=\"flex md:flex-row flex-col justify-between md:items-center gap-10 mx-auto max-w-210\">\n                            <div class=\"[&#038;_h2]:not-last:mb-4 max-w-96 | js-observe fade-in-up\">\n                    <h2 class=\"m-40-500 text-gradient\">Calificaciones m\u00ednimas<\/h2>\n                <\/div>\n                                        <div class=\"[&#038;_p]:not-last:mb-4 w-full max-w-90 [&#038;_strong]:font-semibold checkmark-content | js-observe fade-in-up\">\n                    <p><strong>Queremos que tengas \u00e9xito. Para solicitar empleos de conducci\u00f3n, necesitar\u00e1s:<\/strong><\/p>\n<ul>\n<li>Licencia CDL-A<\/li>\n<li>M\u00ednimo dos a\u00f1os de experiencia comprobada.<\/li>\n<li>No m\u00e1s de dos infracciones de tr\u00e1nsito (se aplican restricciones).<\/li>\n<\/ul>\n                <\/div>\n                    <\/div>\n    <\/div>\n<\/section>\n\n\n<section class=\"pt-20 md:pt-30 pb-20 md:pb-30\">\n    <div class=\"container\">\n                    <div class=\"mx-auto w-full max-w-210 text-format text-center | js-observe fade-in-up\">\n                <h2 class=\"m-40-500 text-gradient\" style=\"text-align: center;\">Conduce con nosotros &#8211; Solicita hoy<\/h2>\n<p style=\"text-align: center;\">Si deseas carga constante, pago decente y una empresa que priorice a los conductores, no busques m\u00e1s all\u00e1 de BZ Express.<\/p>\n<p style=\"text-align: center;\">Solicita ahora y habla con un reclutador. Obt\u00e9n m\u00e1s informaci\u00f3n sobre nuestras opciones de arrendamiento.<\/p>\n<p class=\"btn btn--outline-red\" style=\"text-align: center;\"><a href=\"#\">Solicita hoy<\/a><\/p>\n            <\/div>\n            <\/div>\n<\/section>","protected":false},"excerpt":{"rendered":"","protected":false},"author":1,"featured_media":0,"parent":0,"menu_order":0,"comment_status":"closed","ping_status":"closed","template":"","meta":{"_acf_changed":false,"footnotes":""},"class_list":["post-419","page","type-page","status-publish","hentry"],"acf":[],"_links":{"self":[{"href":"https:\/\/bzexpress.gingeritsolutions.space\/es\/wp-json\/wp\/v2\/pages\/419","targetHints":{"allow":["GET"]}}],"collection":[{"href":"https:\/\/bzexpress.gingeritsolutions.space\/es\/wp-json\/wp\/v2\/pages"}],"about":[{"href":"https:\/\/bzexpress.gingeritsolutions.space\/es\/wp-json\/wp\/v2\/types\/page"}],"author":[{"embeddable":true,"href":"https:\/\/bzexpress.gingeritsolutions.space\/es\/wp-json\/wp\/v2\/users\/1"}],"replies":[{"embeddable":true,"href":"https:\/\/bzexpress.gingeritsolutions.space\/es\/wp-json\/wp\/v2\/comments?post=419"}],"version-history":[{"count":7,"href":"https:\/\/bzexpress.gingeritsolutions.space\/es\/wp-json\/wp\/v2\/pages\/419\/revisions"}],"predecessor-version":[{"id":508,"href":"https:\/\/bzexpress.gingeritsolutions.space\/es\/wp-json\/wp\/v2\/pages\/419\/revisions\/508"}],"wp:attachment":[{"href":"https:\/\/bzexpress.gingeritsolutions.space\/es\/wp-json\/wp\/v2\/media?parent=419"}],"curies":[{"name":"wp","href":"https:\/\/api.w.org\/{rel}","templated":true}]}}