{"id":428,"date":"2026-03-05T10:21:28","date_gmt":"2026-03-05T10:21:28","guid":{"rendered":"https:\/\/bzexpress.gingeritsolutions.space\/about-us\/"},"modified":"2026-03-16T13:40:09","modified_gmt":"2026-03-16T13:40:09","slug":"sobre-nosotros","status":"publish","type":"page","link":"https:\/\/bzexpress.gingeritsolutions.space\/es\/sobre-nosotros\/","title":{"rendered":"Sobre Nosotros"},"content":{"rendered":"\n\n<section class=\"relative flex items-center hero-gradient pt-35 pb-17\">\n            <img fetchpriority=\"high\" decoding=\"async\" src=\"https:\/\/bzexpress.gingeritsolutions.space\/wp-content\/uploads\/2026\/03\/Frame-1321316064-3-scaled.avif\" srcset=\"https:\/\/bzexpress.gingeritsolutions.space\/wp-content\/uploads\/2026\/03\/Frame-1321316064-3-150x150.avif 150w, https:\/\/bzexpress.gingeritsolutions.space\/wp-content\/uploads\/2026\/03\/Frame-1321316064-3-scaled.avif 300w, https:\/\/bzexpress.gingeritsolutions.space\/wp-content\/uploads\/2026\/03\/Frame-1321316064-3-300x114.avif 480w, https:\/\/bzexpress.gingeritsolutions.space\/wp-content\/uploads\/2026\/03\/Frame-1321316064-3-1024x388.avif 720w, https:\/\/bzexpress.gingeritsolutions.space\/wp-content\/uploads\/2026\/03\/Frame-1321316064-3-scaled.avif 1080w, https:\/\/bzexpress.gingeritsolutions.space\/wp-content\/uploads\/2026\/03\/Frame-1321316064-3-scaled.avif 1600w\" sizes=\"(max-width: 1600px) 100vw\" class=\"w-full h-full object-cover absolute top-0 left-0 object-right\" alt=\"\" width=\"2560\" height=\"971\" loading=\"eager\">\n        <div class=\"z-1 relative container\">\n                    <div class=\"mx-auto md:mx-0 [&#038;_p]:last:mt-10 [&#038;_h1]:mb-4 [&#038;_h1_strong]:font-semibold text-white md:text-left text-center | js-observe fade-in-up max-w-200\">\n                <h1 class=\"m-50-400\">La experiencia es nuestra base. La integridad nos impulsa.<\/h1>\n<p>Nuestro prop\u00f3sito es transportar las cargas de manera segura, eficiente y con integridad, y contamos con una flota en crecimiento de m\u00e1s de 100 veh\u00edculos para respaldar este objetivo.<\/p>\n            <\/div>\n            <\/div>\n<\/section>\n\n\n<section class=\"relative py-10 md:pt-30 md:pb-20 bg-transparent\">\n    <div class=\"container\">\n                    <div class=\"mx-auto w-full max-w-210 [&#038;_strong]:font-semibold text-format text-center text-balance | js-observe fade-in-up\">\n                <h2 class=\"m-40-500 text-gradient\">Impulsados por la confiabilidad.<br data-start=\"32\" data-end=\"35\" \/>Impulsados por las personas.<\/h2>\n<p>BZ Express es una empresa de transporte con sede en Houston que ofrece servicios de transporte por carretera seguros, confiables y profesionales en todo Estados Unidos. Desde nuestros inicios, nos hemos enfocado en crear una compa\u00f1\u00eda en la que los conductores se sientan motivados, los socios tengan confianza y las cargas se entreguen correctamente.<\/p>\n            <\/div>\n                <div>\n                    <\/div>\n            <\/div>\n<\/section>\n\n\n<section class=\"bg-white-200 py-10 md:pt-35 xl:pt-45 md:pb-20 xl:pb-30\">\n    <div class=\"container\">\n        <div class=\"flex md:flex-row flex-col justify-between md:items-center gap-10 mx-auto max-w-210\">\n                            <div class=\"[&#038;_h2]:not-last:mb-4 max-w-96 | js-observe fade-in-up\">\n                    <h2 class=\"m-40-500 text-gradient\">Qui\u00e9nes somos:<\/h2>\n<p>En BZ Express, la cultura es importante. Trabajamos con una actitud de \u201cel conductor primero\u201d, creyendo que los conductores bien respaldados generan mejores resultados para todos. La comunicaci\u00f3n clara, el respeto mutuo y la visi\u00f3n a largo plazo son fundamentales en la manera en que hacemos negocios.<\/p>\n                <\/div>\n                                        <div class=\"[&#038;_p]:not-last:mb-4 w-full max-w-90 [&#038;_strong]:font-semibold checkmark-content | js-observe fade-in-up\">\n                    <p><strong>Creemos que una empresa de transporte s\u00f3lida no se define \u00fanicamente por el tama\u00f1o de su flota, sino por:<\/strong><\/p>\n<ul>\n<li>La calidad de su personal.<\/li>\n<li>La confiabilidad de su servicio.<\/li>\n<li>La confianza que genera entre conductores y socios.<\/li>\n<\/ul>\n                <\/div>\n                    <\/div>\n    <\/div>\n<\/section>\n\n\n<section class=\"relative py-10 md:pt-30 md:pb-20 bg-transparent\">\n    <div class=\"container\">\n                    <div class=\"mx-auto w-full max-w-210 [&#038;_strong]:font-semibold text-format text-center text-balance | js-observe fade-in-up\">\n                <h2 class=\"m-40-500 text-gradient\">Nuestra cultura<\/h2>\n<p>En BZ Express, la cultura es importante. Trabajamos con una actitud de \u201cel conductor primero\u201d, creyendo que los conductores bien respaldados generan mejores resultados para todos. La comunicaci\u00f3n clara, el respeto mutuo y la visi\u00f3n a largo plazo son fundamentales en la manera en que hacemos negocios.<\/p>\n            <\/div>\n                <div>\n                            <h3 class=\"m-25-500 mt-8 md:mt-15 mb-6 text-center | js-observe fade-in-up\">\n                    Nos complace ofrecer:                <\/h3>\n                    <\/div>\n                    <div class=\"gap-5 grid md:grid-cols-2 lg:grid-cols-4 mx-auto md:px-7 max-w-64 md:max-w-full\">\n                                                                                <div class=\"relative flex justify-center items-center m-20-400 p-7 rounded-[0.625rem] w-full h-auto min-h-72 overflow-hidden text-center transition-colors | js-observe fade-in-up text-white no-hover-card-gradient\">\n                                                        <div class=\"z-1 relative\">\n                                <p>Un ambiente de trabajo enfocado en la seguridad.<\/p>\n                            <\/div>\n                        <\/div>\n                                                                                                    <div class=\"relative flex justify-center items-center m-20-400 p-7 rounded-[0.625rem] w-full h-auto min-h-72 overflow-hidden text-center transition-colors | js-observe fade-in-up text-white no-hover-card-gradient\">\n                                                        <div class=\"z-1 relative\">\n                                <p>Operaciones transparentes.<\/p>\n                            <\/div>\n                        <\/div>\n                                                                                                    <div class=\"relative flex justify-center items-center m-20-400 p-7 rounded-[0.625rem] w-full h-auto min-h-72 overflow-hidden text-center transition-colors | js-observe fade-in-up text-white no-hover-card-gradient\">\n                                                        <div class=\"z-1 relative\">\n                                <p>Apoyo constante en todos los departamentos.<\/p>\n                            <\/div>\n                        <\/div>\n                                                                                                    <div class=\"relative flex justify-center items-center m-20-400 p-7 rounded-[0.625rem] w-full h-auto min-h-72 overflow-hidden text-center transition-colors | js-observe fade-in-up text-white no-hover-card-gradient\">\n                                                        <div class=\"z-1 relative\">\n                                <p>Un enfoque de trabajo en equipo para la log\u00edstica.<\/p>\n                            <\/div>\n                        <\/div>\n                                                <\/div>\n            <\/div>\n<\/section>\n\n\n<section class=\"relative z-1 bg-white-200 pt-10 md:pt-20 xl:pt-30 pb-10 md:pb-20 xl:pb-30\">\n    <div class=\"container\">\n        <div class=\"flex md:flex-row flex-col justify-between items-start md:items-center gap-6 md:gap-10\">\n                            <div class=\"w-full md:max-w-133 text-format | js-observe fade-in-up\">\n                    <h2 class=\"m-40-500 text-gradient\">Seguridad y responsabilidad<\/h2>\n<p>La seguridad est\u00e1 en el coraz\u00f3n de nuestras operaciones. Desde el mantenimiento preventivo en nuestro taller mec\u00e1nico interno hasta la planificaci\u00f3n meticulosa de nuestro equipo de despacho, cada decisi\u00f3n se toma pensando en la seguridad de nuestros conductores, de nuestros socios y de las comunidades en las que operamos.<\/p>\n                <\/div>\n                                        <div class=\"relative w-full max-w-89 sm:max-w-111\">\n                            <img decoding=\"async\" src=\"https:\/\/bzexpress.gingeritsolutions.space\/wp-content\/uploads\/2026\/03\/Rectangle-20-5.avif\" srcset=\"https:\/\/bzexpress.gingeritsolutions.space\/wp-content\/uploads\/2026\/03\/Rectangle-20-5-150x150.avif 150w, https:\/\/bzexpress.gingeritsolutions.space\/wp-content\/uploads\/2026\/03\/Rectangle-20-5.avif 300w, https:\/\/bzexpress.gingeritsolutions.space\/wp-content\/uploads\/2026\/03\/Rectangle-20-5-267x300.avif 480w, https:\/\/bzexpress.gingeritsolutions.space\/wp-content\/uploads\/2026\/03\/Rectangle-20-5.avif 720w, https:\/\/bzexpress.gingeritsolutions.space\/wp-content\/uploads\/2026\/03\/Rectangle-20-5.avif 1080w, https:\/\/bzexpress.gingeritsolutions.space\/wp-content\/uploads\/2026\/03\/Rectangle-20-5.avif 1600w\" sizes=\"(max-width: 1600px) 100vw\" class=\"w-full h-auto rounded-[0.625rem] max-w-60 sm:max-w-92 | js-observe fade-in-up\" alt=\"\" width=\"732\" height=\"822\" loading=\"eager\">\n                                                <p class=\"right-0 bottom-0 absolute p-4 rounded-[0.625rem] max-w-59 text-white content-image-text-gradient translate-y-1\/2 | js-observe fade-in\">\n                            El cumplimiento normativo, los requisitos de los equipos y la conducci\u00f3n cuidadosa no son opcionales en BZ Express; se esperan.                        <\/p>\n                                    <\/div>\n                    <\/div>\n    <\/div>\n<\/section>\n\n\n<section class=\"relative pt-30 md:pb-30\">\n    <div class=\"container\">\n                    <div class=\"mx-auto mb-10 [&#038;_h2]:mb-4 md:mb-0 max-w-157 text-center | js-observe fade-in-up\">\n                <h2 class=\"m-40-500 text-gradient\">Mirando hacia el futuro<\/h2>\n<p>El sector del transporte de cargas est\u00e1 en constante evoluci\u00f3n, y BZ Express sigue ese ritmo. Al invertir en personas, equipos y sistemas internos, estamos creando una empresa preparada para el futuro, sin dejar de ser fiel a los ideales que la fundaron.<\/p>\n            <\/div>\n            <\/div>\n            <div class=\"bottom-0 left-1\/2 md:absolute mx-auto md:px-8 w-full max-w-301 md:-translate-x-1\/2 md:translate-y-1\/2 | js-observe fade-in\">\n            <div class=\"px-9 py-8 md:py-13 md:rounded-[0.625rem] gradient-break-bg\">\n                <div class=\"m-22-700 max-w-231 text-white text-center\">\n                    BZ Express no es solo una empresa de transporte.\r\nEs un equipo, un socio y una comunidad que los conductores se sienten orgullosos de llamar hogar.                <\/div>\n            <\/div>\n        <\/div>\n    <\/section>\n\n\n<section class=\"pt-20 md:pt-35 pb-20 md:pb-30\">\n    <div class=\"container\">\n                    <div class=\"mx-auto w-full max-w-210 text-format text-center | js-observe fade-in-up\">\n                <h2 class=\"m-40-500 text-gradient\">Conectemos<\/h2>\n<p>Ya seas un conductor en busca de tu pr\u00f3ximo empleo o un socio que busca capacidad constante, estamos abiertos a conversar.<\/p>\n<p>BZ Express se mueve por las personas y se impulsa con la confianza.<\/p>\n<p><a class=\"btn btn--outline-red\" href=\"https:\/\/bzexpress.gingeritsolutions.space\/es\/contacto\/\">Aplica hoy<\/a><\/p>\n            <\/div>\n            <\/div>\n<\/section>","protected":false},"excerpt":{"rendered":"","protected":false},"author":1,"featured_media":0,"parent":0,"menu_order":0,"comment_status":"closed","ping_status":"closed","template":"","meta":{"_acf_changed":false,"footnotes":""},"class_list":["post-428","page","type-page","status-publish","hentry"],"acf":[],"_links":{"self":[{"href":"https:\/\/bzexpress.gingeritsolutions.space\/es\/wp-json\/wp\/v2\/pages\/428","targetHints":{"allow":["GET"]}}],"collection":[{"href":"https:\/\/bzexpress.gingeritsolutions.space\/es\/wp-json\/wp\/v2\/pages"}],"about":[{"href":"https:\/\/bzexpress.gingeritsolutions.space\/es\/wp-json\/wp\/v2\/types\/page"}],"author":[{"embeddable":true,"href":"https:\/\/bzexpress.gingeritsolutions.space\/es\/wp-json\/wp\/v2\/users\/1"}],"replies":[{"embeddable":true,"href":"https:\/\/bzexpress.gingeritsolutions.space\/es\/wp-json\/wp\/v2\/comments?post=428"}],"version-history":[{"count":4,"href":"https:\/\/bzexpress.gingeritsolutions.space\/es\/wp-json\/wp\/v2\/pages\/428\/revisions"}],"predecessor-version":[{"id":511,"href":"https:\/\/bzexpress.gingeritsolutions.space\/es\/wp-json\/wp\/v2\/pages\/428\/revisions\/511"}],"wp:attachment":[{"href":"https:\/\/bzexpress.gingeritsolutions.space\/es\/wp-json\/wp\/v2\/media?parent=428"}],"curies":[{"name":"wp","href":"https:\/\/api.w.org\/{rel}","templated":true}]}}