{"id":436,"date":"2026-03-11T09:26:58","date_gmt":"2026-03-11T09:26:58","guid":{"rendered":"https:\/\/bzexpress.gingeritsolutions.space\/privacy-policy\/"},"modified":"2026-03-12T15:10:14","modified_gmt":"2026-03-12T15:10:14","slug":"privacy-policy","status":"publish","type":"page","link":"https:\/\/bzexpress.gingeritsolutions.space\/es\/privacy-policy\/","title":{"rendered":"Pol\u00edtica de Privacidad\u00a0"},"content":{"rendered":"\n<section class=\"py-20 md:py-35\">\n    <div class=\"container\">\n                    <div class=\"mx-auto max-w-205 policy-content\">\n                <h1 class=\"m-50-400\">Pol\u00edtica de Privacidad<\/h1>\n<h2 class=\"m-25-500\">\u00daltima actualizaci\u00f3n: [9\/19\/25]<\/h2>\n<p>BZ Express Inc se compromete a proteger y respetar su privacidad. Esta Pol\u00edtica de Privacidad explica c\u00f3mo recopilamos, utilizamos, divulgamos y protegemos su informaci\u00f3n cuando visita nuestro sitio web\u00a0<a href=\"https:\/\/www.google.com\/url?q=https:\/\/bzexpress.com\/&amp;sa=D&amp;source=docs&amp;ust=1773327409234249&amp;usg=AOvVaw0psY9s-9RUioM_9yjYmqof\" target=\"_blank\" rel=\"noopener\" data-rawhref=\"https:\/\/bzexpress.com\/\">https:\/\/bzexpress.com\/<\/a>, utiliza nuestros servicios o interact\u00faa con nosotros de otras maneras.<\/p>\n<p>Al utilizar nuestro sitio web y servicios, usted acepta la recopilaci\u00f3n y el uso de la informaci\u00f3n de conformidad con esta Pol\u00edtica de Privacidad.<\/p>\n<h2 class=\"m-25-500\">Informaci\u00f3n que recopilamos<\/h2>\n<h3>We may use the information we collect for the following purposes:<\/h3>\n<ul role=\"list\">\n<li>To provide and improve our services.<\/li>\n<li>To communicate with you, including sending marketing communications (with your consent).<\/li>\n<li>To personalize your experience on our website.<\/li>\n<li>To comply with legal obligations.<\/li>\n<\/ul>\n<h2 class=\"m-25-500\">How We Share Your Information<\/h2>\n<h3>We do not sell, trade, or otherwise transfer your personal information to outside parties without your consent, except in the following cases:<\/h3>\n<ul role=\"list\">\n<li><strong>Service Providers<\/strong>: We may share your information with third-party service providers who assist us in operating our website or providing services.<\/li>\n<li><strong>Legal Requirements<\/strong>: We may disclose your information if required by law or in response to a legal request (e.g., court order).<\/li>\n<\/ul>\n<h2 class=\"m-25-500\">Data Security<\/h2>\n<h3>We implement reasonable security measures to protect your personal information from unauthorized access, disclosure, alteration, or destruction. However, please note that no method of transmission over the internet is 100% secure.<\/h3>\n<h2 class=\"m-25-500\">Your Rights<\/h2>\n<h3>Depending on your location, you may have the right to:<\/h3>\n<ul role=\"list\">\n<li>Access and update your personal information.<\/li>\n<li>Request the deletion of your personal information.<\/li>\n<li>Opt-out of receiving marketing communications.<\/li>\n<li>Withdraw your consent at any time, where applicable.<\/li>\n<\/ul>\n<p><strong>To exercise these rights, please contact us at <a href=\"tel:281-715-3517\" target=\"_blank\" rel=\"noopener\" data-fpl-component=\"primitive\">281-715-3517<\/a>\u00a0or email\u00a0<a href=\"mailto:dispatch@bzexpress.com\" target=\"_blank\" rel=\"noopener\" data-fpl-component=\"primitive\">dispatch@bzexpress.com<\/a>.<\/strong><\/p>\n<h2 class=\"m-25-500\">Cookies<\/h2>\n<h3>Our website uses cookies to enhance your experience and gather data on site usage. You can control cookies through your browser settings.<\/h3>\n<h2 class=\"m-25-500\">Changes to This Privacy Policy<\/h2>\n<h3>We may update this Privacy Policy from time to time. Any changes will be posted on this page with an updated \u201cLast Updated\u201d date. We encourage you to review this Privacy Policy periodically.<\/h3>\n<h2 class=\"m-25-500\">Contact Us<\/h2>\n<h3>If you have any questions about this Privacy Policy or wish to exercise your rights, please contact us at:<\/h3>\n<ul role=\"list\">\n<li>Email:\u00a0<a href=\"mailto:dispatch@bzexpress.com\" target=\"_blank\" rel=\"noopener\" data-fpl-component=\"primitive\">dispatch@bzexpress.com<\/a><\/li>\n<li>Address: 13702 Rankin Rd, Houston, TX 77073<\/li>\n<\/ul>\n            <\/div>\n            <\/div>\n<\/section>","protected":false},"excerpt":{"rendered":"","protected":false},"author":1,"featured_media":0,"parent":0,"menu_order":0,"comment_status":"closed","ping_status":"closed","template":"","meta":{"_acf_changed":false,"footnotes":""},"class_list":["post-436","page","type-page","status-publish","hentry"],"acf":[],"_links":{"self":[{"href":"https:\/\/bzexpress.gingeritsolutions.space\/es\/wp-json\/wp\/v2\/pages\/436","targetHints":{"allow":["GET"]}}],"collection":[{"href":"https:\/\/bzexpress.gingeritsolutions.space\/es\/wp-json\/wp\/v2\/pages"}],"about":[{"href":"https:\/\/bzexpress.gingeritsolutions.space\/es\/wp-json\/wp\/v2\/types\/page"}],"author":[{"embeddable":true,"href":"https:\/\/bzexpress.gingeritsolutions.space\/es\/wp-json\/wp\/v2\/users\/1"}],"replies":[{"embeddable":true,"href":"https:\/\/bzexpress.gingeritsolutions.space\/es\/wp-json\/wp\/v2\/comments?post=436"}],"version-history":[{"count":1,"href":"https:\/\/bzexpress.gingeritsolutions.space\/es\/wp-json\/wp\/v2\/pages\/436\/revisions"}],"predecessor-version":[{"id":438,"href":"https:\/\/bzexpress.gingeritsolutions.space\/es\/wp-json\/wp\/v2\/pages\/436\/revisions\/438"}],"wp:attachment":[{"href":"https:\/\/bzexpress.gingeritsolutions.space\/es\/wp-json\/wp\/v2\/media?parent=436"}],"curies":[{"name":"wp","href":"https:\/\/api.w.org\/{rel}","templated":true}]}}